{"id":654,"date":"2025-02-20T16:41:25","date_gmt":"2025-02-20T15:41:25","guid":{"rendered":"http:\/\/s610914067.onlinehome.fr\/combaz\/?page_id=654"},"modified":"2025-03-07T17:32:10","modified_gmt":"2025-03-07T16:32:10","slug":"bibliographie","status":"publish","type":"page","link":"https:\/\/christiancombaz.com\/?page_id=654","title":{"rendered":"bibliographie"},"content":{"rendered":"<p><img loading=\"lazy\" decoding=\"async\" src=\"http:christiancombaz.com\/wp-content\/uploads\/2025\/02\/biblio-263x300.jpg\" alt=\"\" width=\"363\" height=\"600\" class=\"alignnone size-medium wp-image-666\" \/><br \/>\nMessieurs, Seuil, 1979.<br \/>\nMontefalco, Seuil, 1981.<br \/>\nConstance D, Seuil, 1982.<br \/>\nOncle Octave, Seuil, 1983.<br \/>\nLa Compagnie des ombres, Seuil, 1985.<br \/>\nLe Cercle militaire, Seuil, 1987.<br \/>\n\u00c0 ceux qu\u2019on n\u2019a pas aim\u00e9s, Seuil, 1988, Fayard 1999<br \/>\n\u00c9loge de l\u2019\u00e2ge, Robert Laffont, LGF, 1989.<br \/>\nLes Sabots d\u2019\u00c9mile, Robert Laffont, 1989.<br \/>\nChez Cyprien, Robert Laffont, 1990.<br \/>\nBal dans la maison du pendu, Robert Laffont, 1991.<br \/>\nDe l\u2019Est, de la peste et du reste, Robert Laffont, 1993.<br \/>\nLettre \u00e0 Raymond , Robert Laffont, 1994<br \/>\nFranz, Robert Laffont, 1995.<br \/>\nUne petite vie, Flammarion, 1996.<br \/>\nLa cl\u00e9mence de Neptune, Rocher, 1997.<br \/>\nConstance D, (texte int\u00e9gral), Rocher, 1998.<br \/>\nJours de France (texte int\u00e9gral), Rocher, 1998.<br \/>\nLe Seigneur d\u2019Uranie, Flammarion, 1999.<br \/>\nLa barque de nuit, Fayard, 2000.<br \/>\n\u00c0 ceux qu\u2019on n\u2019a pas aim\u00e9s (r\u00e9\u00e9dition) Fayard, 2000.<br \/>\nUne heure avant l&#8217;\u00e9ternit\u00e9 Fayard, 2001.<br \/>\nNus et v\u00eatus, Fayard, 2002.<br \/>\nEnfants sans foi ni loi, Rocher, 2002.<br \/>\nLion ardent ou la confession de L\u00e9onard de Vinci, Fayard, 2004 LGF 2007.<br \/>\nLa France m\u00e9rite mieux que \u00e7a, \u00c9ditions du Rocher, 2005.<br \/>\nCent ans et demi, Fayard, 2006.<br \/>\nLe Roman de Budapest, \u00c9ditions du Rocher, 2006.<br \/>\nGens de Campagnol, Flammarion 2012<br \/>\nLes \u00e2mes douces, T\u00e9l\u00e9maque, 2014.<br \/>\nTous les hommes naissent et meurent le m\u00eame jour, le Cerf, 2015.<br \/>\nLe Troisi\u00e8me \u00e2ge est un Tiers-Etat, le Cerf, 2016.<br \/>\nPortrait de Marianne avec un poignard dans le dos, 2017<br \/>\nRebarbe \u00e0 Campagnol, 2024<\/p>\n","protected":false},"excerpt":{"rendered":"<p>Messieurs, Seuil, 1979. Montefalco, Seuil, 1981. Constance D, Seuil, 1982. Oncle Octave, Seuil, 1983. La Compagnie des ombres, Seuil, 1985. Le Cercle militaire, Seuil, 1987. \u00c0 ceux qu\u2019on n\u2019a pas aim\u00e9s, Seuil, [&hellip;]<\/p>\n","protected":false},"author":1,"featured_media":0,"parent":0,"menu_order":0,"comment_status":"closed","ping_status":"closed","template":"","meta":{"footnotes":""},"class_list":["post-654","page","type-page","status-publish","hentry"],"_links":{"self":[{"href":"https:\/\/christiancombaz.com\/index.php?rest_route=\/wp\/v2\/pages\/654","targetHints":{"allow":["GET"]}}],"collection":[{"href":"https:\/\/christiancombaz.com\/index.php?rest_route=\/wp\/v2\/pages"}],"about":[{"href":"https:\/\/christiancombaz.com\/index.php?rest_route=\/wp\/v2\/types\/page"}],"author":[{"embeddable":true,"href":"https:\/\/christiancombaz.com\/index.php?rest_route=\/wp\/v2\/users\/1"}],"replies":[{"embeddable":true,"href":"https:\/\/christiancombaz.com\/index.php?rest_route=%2Fwp%2Fv2%2Fcomments&post=654"}],"version-history":[{"count":7,"href":"https:\/\/christiancombaz.com\/index.php?rest_route=\/wp\/v2\/pages\/654\/revisions"}],"predecessor-version":[{"id":871,"href":"https:\/\/christiancombaz.com\/index.php?rest_route=\/wp\/v2\/pages\/654\/revisions\/871"}],"wp:attachment":[{"href":"https:\/\/christiancombaz.com\/index.php?rest_route=%2Fwp%2Fv2%2Fmedia&parent=654"}],"curies":[{"name":"wp","href":"https:\/\/api.w.org\/{rel}","templated":true}]}}