{"id":892,"date":"2025-03-11T10:58:26","date_gmt":"2025-03-11T09:58:26","guid":{"rendered":"https:\/\/christiancombaz.com\/?page_id=892"},"modified":"2025-03-11T10:59:44","modified_gmt":"2025-03-11T09:59:44","slug":"combazarobasegmail-com","status":"publish","type":"page","link":"https:\/\/christiancombaz.com\/?page_id=892","title":{"rendered":"combaz (AROBASE) gmail.com"},"content":{"rendered":"<p>Cette bo\u00eete est relev\u00e9e r\u00e9guli\u00e8rement. Je m&#8217;efforce de r\u00e9pondre \u00e0 tous d&#8217;un simple accus\u00e9 de r\u00e9ception, au mininum.<\/p>\n","protected":false},"excerpt":{"rendered":"<p>Cette bo\u00eete est relev\u00e9e r\u00e9guli\u00e8rement. Je m&#8217;efforce de r\u00e9pondre \u00e0 tous d&#8217;un simple accus\u00e9 de r\u00e9ception, au mininum.<\/p>\n","protected":false},"author":1,"featured_media":0,"parent":0,"menu_order":0,"comment_status":"closed","ping_status":"closed","template":"","meta":{"footnotes":""},"class_list":["post-892","page","type-page","status-publish","hentry"],"_links":{"self":[{"href":"https:\/\/christiancombaz.com\/index.php?rest_route=\/wp\/v2\/pages\/892","targetHints":{"allow":["GET"]}}],"collection":[{"href":"https:\/\/christiancombaz.com\/index.php?rest_route=\/wp\/v2\/pages"}],"about":[{"href":"https:\/\/christiancombaz.com\/index.php?rest_route=\/wp\/v2\/types\/page"}],"author":[{"embeddable":true,"href":"https:\/\/christiancombaz.com\/index.php?rest_route=\/wp\/v2\/users\/1"}],"replies":[{"embeddable":true,"href":"https:\/\/christiancombaz.com\/index.php?rest_route=%2Fwp%2Fv2%2Fcomments&post=892"}],"version-history":[{"count":2,"href":"https:\/\/christiancombaz.com\/index.php?rest_route=\/wp\/v2\/pages\/892\/revisions"}],"predecessor-version":[{"id":894,"href":"https:\/\/christiancombaz.com\/index.php?rest_route=\/wp\/v2\/pages\/892\/revisions\/894"}],"wp:attachment":[{"href":"https:\/\/christiancombaz.com\/index.php?rest_route=%2Fwp%2Fv2%2Fmedia&parent=892"}],"curies":[{"name":"wp","href":"https:\/\/api.w.org\/{rel}","templated":true}]}}